{"id":9087,"date":"2024-04-22T06:39:46","date_gmt":"2024-04-22T04:39:46","guid":{"rendered":"https:\/\/www.avcsteam.es\/serveis\/consulting"},"modified":"2024-05-30T08:00:45","modified_gmt":"2024-05-30T06:00:45","slug":"consulting","status":"publish","type":"page","link":"https:\/\/www.avcsteam.es\/ca\/serveis\/consulting","title":{"rendered":"Consulting"},"content":{"rendered":"<section class=\"wpb-content-wrapper\"><p>[vc_row full_width=&#8221;stretch_row_content&#8221; content_placement=&#8221;middle&#8221; css=&#8221;.vc_custom_1709742282118{margin-bottom: 60px !important;background-position: center !important;background-repeat: no-repeat !important;background-size: cover !important;}&#8221;][vc_column][vc_row_inner css=&#8221;.vc_custom_1715870528566{margin-left: 20px !important;}&#8221; el_class=&#8221;no-margin&#8221;][vc_column_inner][vc_column_text]<\/p>\n<h2>Serveis:<br \/>\nConsulting<\/h2>\n<p>[\/vc_column_text][\/vc_column_inner][\/vc_row_inner][\/vc_column][\/vc_row][vc_row full_width=&#8221;stretch_row_content&#8221; css=&#8221;.vc_custom_1713760823005{padding-top: 150px !important;padding-bottom: 150px !important;background-image: url(https:\/\/www.avcsteam.es\/wp-content\/uploads\/2024\/04\/business-people-shaking-hands-together-scaled.jpg?id=8688) !important;background-position: center !important;background-repeat: no-repeat !important;background-size: cover !important;}&#8221;][vc_column][\/vc_column][\/vc_row][vc_row full_width=&#8221;stretch_row_content&#8221; el_class=&#8221;section&#8211;border&#8221;][vc_column][vc_row_inner css=&#8221;.vc_custom_1709548583648{margin-right: 15px !important;margin-left: 15px !important;border-top-width: 1px !important;border-top-color: #e8e8e8 !important;border-top-style: solid !important;}&#8221;][vc_column_inner width=&#8221;1\/2&#8243; css=&#8221;.vc_custom_1712228521053{padding-left: 0px !important;}&#8221;][vc_raw_html el_class=&#8221;tag__label&#8221;]PHNwYW4+Q29uc3VsdGluZzwvc3Bhbj4=[\/vc_raw_html][\/vc_column_inner][vc_column_inner el_class=&#8221;mobile-right-column&#8221; width=&#8221;1\/2&#8243; css=&#8221;.vc_custom_1712655066636{border-left-width: 1px !important;border-left-color: #e8e8e8 !important;border-left-style: solid !important;}&#8221;][vc_column_text css=&#8221;.vc_custom_1717048678336{margin-bottom: 20px !important;padding-top: 0px !important;}&#8221;]<\/p>\n<h3>Impulsem la teva ind\u00fastria cap a l&#8217;efici\u00e8ncia i la sostenibilitat<\/h3>\n<p>[\/vc_column_text][vc_column_text css=&#8221;.vc_custom_1717048773485{padding-top: 0px !important;}&#8221;]<span style=\"font-weight: 400;\">El nostre equip d&#8217;experts us guiar\u00e0 mitjan\u00e7ant solucions estrat\u00e8giques i tecnol\u00f2giques per optimitzar el vostre consum de vapor i reduir els vostres costos energ\u00e8tics.<\/span><\/p>\n<p><span style=\"font-weight: 400;\">Des de la identificaci\u00f3 d&#8217;oportunitats de millora fins a la implementaci\u00f3 de mesures eficients, la consultoria t\u00e8cnica d&#8217;AVC STEAM est\u00e0 dissenyada per potenciar el rendiment i millorar la rendibilitat.<\/span>[\/vc_column_text][\/vc_column_inner][\/vc_row_inner][\/vc_column][\/vc_row][vc_row full_width=&#8221;stretch_row_content&#8221; el_class=&#8221;section&#8211;border&#8221; css=&#8221;.vc_custom_1713437404219{padding-bottom: 30px !important;background-color: #f5f7fa !important;}&#8221;][vc_column][vc_row_inner][vc_column_inner width=&#8221;1\/2&#8243;][vc_raw_html]JTNDZGl2JTIwY2xhc3MlM0QlMjJzZXJ2aWNlLWxpc3QlMjIlMjBzdHlsZSUzRCUyMmRpc3BsYXklM0FmbGV4JTIyJTNFJTBBJTIwJTIwJTNDZGl2JTIwY2xhc3MlM0QlMjJpY29uLXdyYXBwZXIlMjIlM0UlMEElMjAlMjAlMjAlMjAlM0NpbWclMjBzcmMlM0QlMjIlMkZ3cC1jb250ZW50JTJGdXBsb2FkcyUyRmljb25vcyUyRnZhbGlkYWNpb24uc3ZnJTIyJTIwYWx0JTNEJTIyQXZhdGFyJTIyJTIwY2xhc3MlM0QlMjJzZXJ2aWNlLWljb24lMjIlM0UlMEElMjAlMjAlM0MlMkZkaXYlM0UlMEElMjAlMjAlM0NkaXYlMjBjbGFzcyUzRCUyMmNvbnRlbnQlMjIlM0UlMEElMjAlMjAlMjAlMjAlMjAlMjAlM0NoNiUzRVRyYW1pdGFjaSVDMyVCMyUyMENBRVMlM0MlMkZoNiUzRSUwQSUyMCUyMCUyMCUyMCUyMCUyMCUzQ3AlM0VTdWJ2ZW5jaW9ucyUyMGklMjBjZXJ0aWZpY2F0cyUyMGQlRTIlODAlOTllc3RhbHZpJTIwZW5lcmclQzMlQTh0aWMlMjAlMjhDQUUlMjkuJTNDJTJGcCUzRSUwQSUyMCUyMCUzQyUyRmRpdiUzRSUwQSUzQyUyRmRpdiUzRQ==[\/vc_raw_html][\/vc_column_inner][vc_column_inner width=&#8221;1\/2&#8243;][vc_raw_html el_id=&#8221;mobile-right-column&#8221;]JTNDZGl2JTIwY2xhc3MlM0QlMjJzZXJ2aWNlLWxpc3QlMjIlMjBzdHlsZSUzRCUyMmRpc3BsYXklM0FmbGV4JTIyJTNFJTBBJTIwJTIwJTNDZGl2JTIwY2xhc3MlM0QlMjJpY29uLXdyYXBwZXIlMjIlM0UlMEElMjAlMjAlMjAlMjAlM0NpbWclMjBzcmMlM0QlMjIlMkZ3cC1jb250ZW50JTJGdXBsb2FkcyUyRmljb25vcyUyRmNvbnN1bHRvcmlhLnN2ZyUyMiUyMGFsdCUzRCUyMkF2YXRhciUyMiUyMGNsYXNzJTNEJTIyc2VydmljZS1pY29uJTIyJTNFJTBBJTIwJTIwJTNDJTJGZGl2JTNFJTBBJTIwJTIwJTNDZGl2JTIwY2xhc3MlM0QlMjJjb250ZW50JTIyJTNFJTBBJTIwJTIwJTIwJTIwJTIwJTIwJTNDaDYlM0VDb25zdWx0b3JpYSUyMHQlQzMlQThjbmljYSUzQyUyRmg2JTNFJTBBJTIwJTIwJTIwJTIwJTIwJTIwJTNDcCUzRVByb2plY3RlcyUyMGRpbm5vdmFjaSVDMyVCMyUyMGklMjBhc3Nlc3NvcmFtZW50LiUzQyUyRnAlM0UlMEElMjAlMjAlM0MlMkZkaXYlM0UlMEElM0MlMkZkaXYlM0U=[\/vc_raw_html][\/vc_column_inner][\/vc_row_inner][vc_row_inner][vc_column_inner width=&#8221;1\/2&#8243;][vc_raw_html]JTNDZGl2JTIwY2xhc3MlM0QlMjJzZXJ2aWNlLWxpc3QlMjIlMjBzdHlsZSUzRCUyMmRpc3BsYXklM0FmbGV4JTIyJTNFJTBBJTIwJTIwJTNDZGl2JTIwY2xhc3MlM0QlMjJpY29uLXdyYXBwZXIlMjIlM0UlMEElMjAlMjAlMjAlMjAlM0NpbWclMjBzcmMlM0QlMjIlMkZ3cC1jb250ZW50JTJGdXBsb2FkcyUyRmljb25vcyUyRmZvcm1hY2lvbi5zdmclMjIlMjBhbHQlM0QlMjJBdmF0YXIlMjIlMjBjbGFzcyUzRCUyMnNlcnZpY2UtaWNvbiUyMiUzRSUwQSUyMCUyMCUzQyUyRmRpdiUzRSUwQSUyMCUyMCUzQ2RpdiUyMGNsYXNzJTNEJTIyY29udGVudCUyMiUzRSUwQSUyMCUyMCUyMCUyMCUyMCUyMCUzQ2g2JTNFRm9ybWFjaSVDMyVCMyUzQyUyRmg2JTNFJTBBJTIwJTIwJTIwJTIwJTIwJTIwJTNDcCUzRVByb2dyYW1lcyUyMGRlJTIwZm9ybWFjaSVDMyVCMyUyMG9uLXNpdGUlMkMlMjBvZmYtc2l0ZSUyMGklMjBvbi1saW5lLiUzQyUyRnAlM0UlMEElMjAlMjAlM0MlMkZkaXYlM0UlMEElM0MlMkZkaXYlM0U=[\/vc_raw_html][\/vc_column_inner][vc_column_inner width=&#8221;1\/2&#8243;][\/vc_column_inner][\/vc_row_inner][\/vc_column][\/vc_row][vc_row full_width=&#8221;stretch_row_content&#8221; disable_element=&#8221;yes&#8221; el_class=&#8221;section&#8211;border&#8221; css=&#8221;.vc_custom_1713436243997{background-color: #f5f7fa !important;}&#8221;][vc_column][vc_row_inner css=&#8221;.vc_custom_1709548583648{margin-right: 15px !important;margin-left: 15px !important;border-top-width: 1px !important;border-top-color: #e8e8e8 !important;border-top-style: solid !important;}&#8221;][vc_column_inner width=&#8221;1\/3&#8243;][vc_raw_html]PGRpdiBjbGFzcz0iY29udGFpbmVyIj4KICA8aW1nIHNyYz0iL3dwLWNvbnRlbnQvdXBsb2Fkcy9pY29ub3MvcHJveWVjdG8uc3ZnIiBhbHQ9IkF2YXRhciIgY2xhc3M9ImltYWdlIj4KICA8ZGl2IGNsYXNzPSJvdmVybGF5Ij4KICAgIDxkaXYgY2xhc3M9InRleHQiPjxoNj5QTUMg4oCTIFByb3llY3RvIG1lam9yYSBjb250aW51YTwvaDY+CjxwPkRpc2XDsW8sIGVqZWN1Y2nDs24geSBwdWVzdGEgZW4gbWFyY2hhIGRlIHByb3llY3RvcyBkZSBvcHRpbWl6YWNpw7NuLCBkZXNjYXJib25pemFjacOzbiB5IGFob3JybyBlbmVyZ8OpdGljby48L3A+CjwvZGl2PgogIDwvZGl2Pgo8L2Rpdj4=[\/vc_raw_html][\/vc_column_inner][vc_column_inner width=&#8221;1\/3&#8243; css=&#8221;.vc_custom_1713252630178{border-left-width: 1px !important;border-left-color: #e8e8e8 !important;border-left-style: solid !important;}&#8221;][vc_raw_html]PGRpdiBjbGFzcz0iY29udGFpbmVyIj4KICA8aW1nIHNyYz0iaHR0cDovL3BsYWNlaG9sZC5pdC8yMDB4MjAwLmpwZyIgYWx0PSJBdmF0YXIiIGNsYXNzPSJpbWFnZSI+CiAgPGRpdiBjbGFzcz0ib3ZlcmxheSI+CiAgICA8ZGl2IGNsYXNzPSJ0ZXh0Ij48aDY+SW5nZW5pZXLDrWEgY29uY2VwdHVhbDwvaDY+CjxwPkRpc2XDsW8gZGUgcHJvY2Vzb3MsIGluZ2VuaWVyw61hIGLDoXNpY2EsIGluZ2VuaWVyw61hIGRlIGRldGFsbGUgeSBQcm9qZWN0IE1hbmFnZW1lbnQuCjwvcD48L2Rpdj4KICA8L2Rpdj4KPC9kaXY+[\/vc_raw_html][\/vc_column_inner][vc_column_inner el_class=&#8221;mobile-right-column&#8221; width=&#8221;1\/3&#8243; css=&#8221;.vc_custom_1713253244175{border-left-width: 1px !important;border-left-color: #e8e8e8 !important;border-left-style: solid !important;}&#8221;][vc_raw_html]PGRpdiBjbGFzcz0iY29udGFpbmVyIj4KICA8aW1nIHNyYz0iaHR0cDovL3BsYWNlaG9sZC5pdC8yMDB4MjAwLmpwZyIgYWx0PSJBdmF0YXIiIGNsYXNzPSJpbWFnZSI+CiAgPGRpdiBjbGFzcz0ib3ZlcmxheSI+CiAgICA8ZGl2IGNsYXNzPSJ0ZXh0Ij48aDY+QXVkaXRvcmlhcyBlbmVyZ8OpdGljYXM8L2g2Pgo8cD5Fc3R1ZGlvcyAzNjDCuiBkZWwgc2lzdGVtYSBkZSB2YXBvciB5IGNvbmRlbnNhZG9zLjwvcD48L2Rpdj4KICA8L2Rpdj4KPC9kaXY+[\/vc_raw_html][\/vc_column_inner][\/vc_row_inner][vc_row_inner css=&#8221;.vc_custom_1709548583648{margin-right: 15px !important;margin-left: 15px !important;border-top-width: 1px !important;border-top-color: #e8e8e8 !important;border-top-style: solid !important;}&#8221;][vc_column_inner width=&#8221;1\/3&#8243;][vc_raw_html]PGRpdiBjbGFzcz0iY29udGFpbmVyIj4KICA8aW1nIHNyYz0iaHR0cDovL3BsYWNlaG9sZC5pdC8yMDB4MjAwLmpwZyIgYWx0PSJBdmF0YXIiIGNsYXNzPSJpbWFnZSI+CiAgPGRpdiBjbGFzcz0ib3ZlcmxheSI+CiAgICA8ZGl2IGNsYXNzPSJ0ZXh0Ij48aDY+UHJveWVjdG9zIGxsYXZlIGVuIG1hbm88L2g2Pgo8cD5FamVjdWNpw7NuIGludGVncmFsIGRlIHByb3llY3RvcyBkZSB2YXBvciB5IGNvbmRlbnNhZG8sIHNlZ8O6biBsYXMgbmVjZXNpZGFkZXMgZGVsIGNsaWVudGUuCjwvcD4KPC9kaXY+CiAgPC9kaXY+CjwvZGl2Pg==[\/vc_raw_html][\/vc_column_inner][vc_column_inner width=&#8221;1\/3&#8243; css=&#8221;.vc_custom_1713252630178{border-left-width: 1px !important;border-left-color: #e8e8e8 !important;border-left-style: solid !important;}&#8221;][vc_raw_html]PGRpdiBjbGFzcz0iY29udGFpbmVyIj4KICA8aW1nIHNyYz0iaHR0cDovL3BsYWNlaG9sZC5pdC8yMDB4MjAwLmpwZyIgYWx0PSJBdmF0YXIiIGNsYXNzPSJpbWFnZSI+CiAgPGRpdiBjbGFzcz0ib3ZlcmxheSI+CiAgICA8ZGl2IGNsYXNzPSJ0ZXh0Ij48aDY+SW5nZW5pZXLDrWEgY29uY2VwdHVhbDwvaDY+CjxwPkRpc2XDsW8gZGUgcHJvY2Vzb3MsIGluZ2VuaWVyw61hIGLDoXNpY2EsIGluZ2VuaWVyw61hIGRlIGRldGFsbGUgeSBQcm9qZWN0IE1hbmFnZW1lbnQuCjwvcD48L2Rpdj4KICA8L2Rpdj4KPC9kaXY+[\/vc_raw_html][\/vc_column_inner][vc_column_inner el_class=&#8221;mobile-right-column&#8221; width=&#8221;1\/3&#8243; css=&#8221;.vc_custom_1713253244175{border-left-width: 1px !important;border-left-color: #e8e8e8 !important;border-left-style: solid !important;}&#8221;][\/vc_column_inner][\/vc_row_inner][\/vc_column][\/vc_row]<\/p>\n<\/section>","protected":false},"excerpt":{"rendered":"<p>[vc_row full_width=&#8221;stretch_row_content&#8221; content_placement=&#8221;middle&#8221; css=&#8221;.vc_custom_1709742282118{margin-bottom: 60px !important;background-position: center !important;background-repeat: no-repeat !important;background-size: cover !important;}&#8221;][vc_column][vc_row_inner css=&#8221;.vc_custom_1715870528566{margin-left: 20px !important;}&#8221; el_class=&#8221;no-margin&#8221;][vc_column_inner][vc_column_text] Serveis: Consulting [\/vc_column_text][\/vc_column_inner][\/vc_row_inner][\/vc_column][\/vc_row][vc_row full_width=&#8221;stretch_row_content&#8221; css=&#8221;.vc_custom_1713760823005{padding-top: 150px !important;padding-bottom: 150px !important;background-image: url(https:\/\/www.avcsteam.es\/wp-content\/uploads\/2024\/04\/business-people-shaking-hands-together-scaled.jpg?id=8688) !important;background-position: center !important;background-repeat: no-repeat !important;background-size: cover !important;}&#8221;][vc_column][\/vc_column][\/vc_row][vc_row full_width=&#8221;stretch_row_content&#8221; el_class=&#8221;section&#8211;border&#8221;][vc_column][vc_row_inner css=&#8221;.vc_custom_1709548583648{margin-right: 15px !important;margin-left: 15px !important;border-top-width: [&hellip;]<\/p>\n","protected":false},"author":1,"featured_media":0,"parent":9084,"menu_order":0,"comment_status":"closed","ping_status":"closed","template":"","meta":{"footnotes":""},"class_list":["post-9087","page","type-page","status-publish","hentry"],"_links":{"self":[{"href":"https:\/\/www.avcsteam.es\/ca\/wp-json\/wp\/v2\/pages\/9087","targetHints":{"allow":["GET"]}}],"collection":[{"href":"https:\/\/www.avcsteam.es\/ca\/wp-json\/wp\/v2\/pages"}],"about":[{"href":"https:\/\/www.avcsteam.es\/ca\/wp-json\/wp\/v2\/types\/page"}],"author":[{"embeddable":true,"href":"https:\/\/www.avcsteam.es\/ca\/wp-json\/wp\/v2\/users\/1"}],"replies":[{"embeddable":true,"href":"https:\/\/www.avcsteam.es\/ca\/wp-json\/wp\/v2\/comments?post=9087"}],"version-history":[{"count":4,"href":"https:\/\/www.avcsteam.es\/ca\/wp-json\/wp\/v2\/pages\/9087\/revisions"}],"predecessor-version":[{"id":9148,"href":"https:\/\/www.avcsteam.es\/ca\/wp-json\/wp\/v2\/pages\/9087\/revisions\/9148"}],"up":[{"embeddable":true,"href":"https:\/\/www.avcsteam.es\/ca\/wp-json\/wp\/v2\/pages\/9084"}],"wp:attachment":[{"href":"https:\/\/www.avcsteam.es\/ca\/wp-json\/wp\/v2\/media?parent=9087"}],"curies":[{"name":"wp","href":"https:\/\/api.w.org\/{rel}","templated":true}]}}