{"id":9045,"date":"2024-05-15T16:36:47","date_gmt":"2024-05-15T14:36:47","guid":{"rendered":"https:\/\/www.avcsteam.es\/casos-dexito\/caso-dexito-industria-bugaderia"},"modified":"2024-06-10T12:52:12","modified_gmt":"2024-06-10T10:52:12","slug":"industria-bugaderia-industrial","status":"publish","type":"page","link":"https:\/\/www.avcsteam.es\/ca\/casos-exit\/industria-bugaderia-industrial","title":{"rendered":"Industria Bugaderia Industrial"},"content":{"rendered":"<section class=\"wpb-content-wrapper\"><p>[vc_row full_width=&#8221;stretch_row_content&#8221; content_placement=&#8221;middle&#8221; css=&#8221;.vc_custom_1709742282118{margin-bottom: 60px !important;background-position: center !important;background-repeat: no-repeat !important;background-size: cover !important;}&#8221;][vc_column][vc_row_inner css=&#8221;.vc_custom_1709724702418{margin-left: 20px !important;}&#8221;][vc_column_inner]<div class=\"edgtf-section-title-holder\" style=\"text-align: left\">\n\t\t\t<h2 class=\"edgtf-st-title\" style=\"color: #000000\">\n\t\t\t<span>Cas d&#039;\u00e8xit:<\/span>\n\t\t<\/h2>\n\t\t<\/div><div class=\"edgtf-section-title-holder\" style=\"text-align: left\">\n\t\t\t<h2 class=\"edgtf-st-title\" style=\"color: #000000\">\n\t\t\t<span>Industria Bugaderia Industrial<\/span>\n\t\t<\/h2>\n\t\t<\/div>[\/vc_column_inner][\/vc_row_inner][\/vc_column][\/vc_row][vc_row full_width=&#8221;stretch_row_content&#8221; css=&#8221;.vc_custom_1715784678182{padding-top: 150px !important;padding-bottom: 150px !important;background-image: url(https:\/\/www.avcsteam.es\/wp-content\/uploads\/2024\/05\/Industrial_laundry_linen_press_exit-scaled.jpeg?id=8882) !important;background-position: center !important;background-repeat: no-repeat !important;background-size: cover !important;}&#8221;][vc_column][\/vc_column][\/vc_row][vc_row full_width=&#8221;stretch_row_content&#8221; disable_element=&#8221;yes&#8221; el_class=&#8221;section&#8211;border&#8221;][vc_column][vc_row_inner css=&#8221;.vc_custom_1709721024333{margin-right: 15px !important;margin-left: 15px !important;}&#8221;][vc_column_inner el_class=&#8221;case-left-col&#8221; width=&#8221;1\/2&#8243;][vc_column_text el_class=&#8221;content__text&#8211;title&#8221;]<\/p>\n<h3 style=\"font-size: 40px;\">Abast del projecte<\/h3>\n<p>[\/vc_column_text][\/vc_column_inner][vc_column_inner width=&#8221;1\/2&#8243;]<div class=\"edgtf-counter-wc-holder  edgtf-ch-columns-2 edgtf-ch-normal-space\"><div class=\"edgtf-ch-inner\"><div class=\"edgtf-counter-holder edgtf-counter-title-bellow\" >\n\t<div class=\"edgtf-counter-inner\">\n\t\t\t\t\t\t\t<span class=\"edgtf-counter edgtf-zero-counter\" >67000<\/span>\n\t\t\t\t\t\t\t<h6 class=\"edgtf-counter-title\" >\n\t\t\t\t\u20ac Estalvi energ\u00e8tic anual\t\t\t<\/h6>\n\t\t\t\t\t<\/div>\n<\/div><div class=\"edgtf-counter-holder edgtf-counter-title-bellow\" >\n\t<div class=\"edgtf-counter-inner\">\n\t\t\t\t\t\t\t<span class=\"edgtf-counter edgtf-zero-counter\" >1<\/span>\n\t\t\t\t\t\t\t<h6 class=\"edgtf-counter-title\" >\n\t\t\t\tAny retorn inversi\u00f3\t\t\t<\/h6>\n\t\t\t\t\t<\/div>\n<\/div><div class=\"edgtf-counter-holder edgtf-counter-title-bellow\" >\n\t<div class=\"edgtf-counter-inner\">\n\t\t\t\t\t\t\t<span class=\"edgtf-counter edgtf-zero-counter\" >217 Tn<\/span>\n\t\t\t\t\t\t\t<h6 class=\"edgtf-counter-title\" >\n\t\t\t\tTn reduccions CO2\t\t\t<\/h6>\n\t\t\t\t\t<\/div>\n<\/div><\/div><\/div>[\/vc_column_inner][\/vc_row_inner][\/vc_column][\/vc_row][vc_row full_width=&#8221;stretch_row_content&#8221; el_class=&#8221;section&#8211;border&#8221;][vc_column][vc_row_inner css=&#8221;.vc_custom_1709721030232{margin-right: 15px !important;margin-left: 15px !important;}&#8221;][vc_column_inner el_class=&#8221;case-left-col&#8221; width=&#8221;1\/2&#8243;][vc_column_text el_class=&#8221;content__text&#8211;title&#8221;]<\/p>\n<h3 style=\"font-size: 40px;\">Desafiament<\/h3>\n<p>[\/vc_column_text][\/vc_column_inner][vc_column_inner el_class=&#8221;case-right-col&#8221; width=&#8221;1\/2&#8243;][vc_column_text el_class=&#8221;content__text&#8211;title&#8221;]<strong style=\"font-size: 24px; font-family: 'Clash'; font-weight: 500;\"> Millorar la qualitat del vapor en el proc\u00e9s de planxa <\/strong>[\/vc_column_text][\/vc_column_inner][\/vc_row_inner][\/vc_column][\/vc_row][vc_row full_width=&#8221;stretch_row_content&#8221; el_class=&#8221;section&#8211;border&#8221;][vc_column][vc_row_inner css=&#8221;.vc_custom_1709721057781{margin-right: 15px !important;margin-left: 15px !important;}&#8221;][vc_column_inner el_class=&#8221;case-left-col&#8221; width=&#8221;1\/2&#8243;][vc_column_text el_class=&#8221;content__text&#8211;title&#8221;]<\/p>\n<h3 style=\"font-size: 40px;\">Soluci\u00f3<\/h3>\n<p>[\/vc_column_text][\/vc_column_inner][vc_column_inner el_class=&#8221;case-right-col&#8221; width=&#8221;1\/2&#8243;][vc_column_text]<\/p>\n<p class=\"p1\">Una bugaderia industrial va contactar amb AVC perqu\u00e8 tenia problemes en el proc\u00e9s de planxat amb vapor, ja que les peces quedaven humides i algunes tacades.<\/p>\n<p class=\"p1\">Despr\u00e9s d&#8217;una auditoria exhaustiva i mesurament del t\u00edtol de vapor per part dels t\u00e8cnics especialistes d&#8217;AVC, es va observar que el t\u00edtol de vapor al punt d&#8217;aplicaci\u00f3 era de 0,87, fet que implica uns arrossegaments de condensat del 13%. Els arrossegaments d&#8217;aigua elevats eren els causants dels problemes de qualitat en l&#8217;acabat de les peces planxades.<\/p>\n<p class=\"p1\">La soluci\u00f3 aplicada en aquest cas consisteix en la instal\u00b7laci\u00f3 d&#8217;un filtre de vapor industrial i un condicionador de vapor d&#8217;alta efici\u00e8ncia per garantir un vapor saturat 100% sec i lliure de part\u00edcules al punt de consum.<\/p>\n<p>[\/vc_column_text][\/vc_column_inner][\/vc_row_inner][\/vc_column][\/vc_row][vc_row full_width=&#8221;stretch_row_content&#8221; el_class=&#8221;section&#8211;border&#8221;][vc_column][vc_row_inner css=&#8221;.vc_custom_1709721063816{margin-right: 15px !important;margin-left: 15px !important;}&#8221;][vc_column_inner el_class=&#8221;case-left-col&#8221; width=&#8221;1\/2&#8243;][vc_column_text el_class=&#8221;content__text&#8211;title&#8221;]<\/p>\n<h3 style=\"font-size: 40px;\">Conclusi\u00f3<\/h3>\n<p>[\/vc_column_text][\/vc_column_inner][vc_column_inner el_class=&#8221;case-right-col&#8221; width=&#8221;1\/2&#8243;][vc_column_text]Gr\u00e0cies a la implementaci\u00f3 d&#8217;aquesta soluci\u00f3 es van eradicar els problemes de qualitat en l&#8217;acabat de les peces planxades.[\/vc_column_text][\/vc_column_inner][\/vc_row_inner][\/vc_column][\/vc_row]<\/p>\n<\/section>","protected":false},"excerpt":{"rendered":"<p>[vc_row full_width=&#8221;stretch_row_content&#8221; content_placement=&#8221;middle&#8221; css=&#8221;.vc_custom_1709742282118{margin-bottom: 60px !important;background-position: center !important;background-repeat: no-repeat !important;background-size: cover !important;}&#8221;][vc_column][vc_row_inner css=&#8221;.vc_custom_1709724702418{margin-left: 20px !important;}&#8221;][vc_column_inner][\/vc_column_inner][\/vc_row_inner][\/vc_column][\/vc_row][vc_row full_width=&#8221;stretch_row_content&#8221; css=&#8221;.vc_custom_1715784678182{padding-top: 150px !important;padding-bottom: 150px !important;background-image: url(https:\/\/www.avcsteam.es\/wp-content\/uploads\/2024\/05\/Industrial_laundry_linen_press_exit-scaled.jpeg?id=8882) !important;background-position: center !important;background-repeat: no-repeat !important;background-size: cover !important;}&#8221;][vc_column][\/vc_column][\/vc_row][vc_row full_width=&#8221;stretch_row_content&#8221; disable_element=&#8221;yes&#8221; el_class=&#8221;section&#8211;border&#8221;][vc_column][vc_row_inner css=&#8221;.vc_custom_1709721024333{margin-right: 15px !important;margin-left: 15px !important;}&#8221;][vc_column_inner el_class=&#8221;case-left-col&#8221; width=&#8221;1\/2&#8243;][vc_column_text el_class=&#8221;content__text&#8211;title&#8221;] [&hellip;]<\/p>\n","protected":false},"author":1,"featured_media":0,"parent":9029,"menu_order":0,"comment_status":"closed","ping_status":"closed","template":"","meta":{"footnotes":""},"class_list":["post-9045","page","type-page","status-publish","hentry"],"_links":{"self":[{"href":"https:\/\/www.avcsteam.es\/ca\/wp-json\/wp\/v2\/pages\/9045","targetHints":{"allow":["GET"]}}],"collection":[{"href":"https:\/\/www.avcsteam.es\/ca\/wp-json\/wp\/v2\/pages"}],"about":[{"href":"https:\/\/www.avcsteam.es\/ca\/wp-json\/wp\/v2\/types\/page"}],"author":[{"embeddable":true,"href":"https:\/\/www.avcsteam.es\/ca\/wp-json\/wp\/v2\/users\/1"}],"replies":[{"embeddable":true,"href":"https:\/\/www.avcsteam.es\/ca\/wp-json\/wp\/v2\/comments?post=9045"}],"version-history":[{"count":6,"href":"https:\/\/www.avcsteam.es\/ca\/wp-json\/wp\/v2\/pages\/9045\/revisions"}],"predecessor-version":[{"id":9240,"href":"https:\/\/www.avcsteam.es\/ca\/wp-json\/wp\/v2\/pages\/9045\/revisions\/9240"}],"up":[{"embeddable":true,"href":"https:\/\/www.avcsteam.es\/ca\/wp-json\/wp\/v2\/pages\/9029"}],"wp:attachment":[{"href":"https:\/\/www.avcsteam.es\/ca\/wp-json\/wp\/v2\/media?parent=9045"}],"curies":[{"name":"wp","href":"https:\/\/api.w.org\/{rel}","templated":true}]}}