{"id":9040,"date":"2024-05-15T15:34:22","date_gmt":"2024-05-15T13:34:22","guid":{"rendered":"https:\/\/www.avcsteam.es\/casos-dexito\/caso-dexito-industria-de-bens-de-servei"},"modified":"2024-06-10T10:59:00","modified_gmt":"2024-06-10T08:59:00","slug":"industria-packaging","status":"publish","type":"page","link":"https:\/\/www.avcsteam.es\/ca\/casos-exit\/industria-packaging","title":{"rendered":"Industria de Packaging"},"content":{"rendered":"<section class=\"wpb-content-wrapper\"><p>[vc_row full_width=&#8221;stretch_row_content&#8221; content_placement=&#8221;middle&#8221; css=&#8221;.vc_custom_1709742282118{margin-bottom: 60px !important;background-position: center !important;background-repeat: no-repeat !important;background-size: cover !important;}&#8221;][vc_column][vc_row_inner css=&#8221;.vc_custom_1709724702418{margin-left: 20px !important;}&#8221;][vc_column_inner]<div class=\"edgtf-section-title-holder\" style=\"text-align: left\">\n\t\t\t<h2 class=\"edgtf-st-title\" style=\"color: #000000\">\n\t\t\t<span>Cas d&#039;\u00e8xit:<\/span>\n\t\t<\/h2>\n\t\t<\/div><div class=\"edgtf-section-title-holder\" style=\"text-align: left\">\n\t\t\t<h2 class=\"edgtf-st-title\" style=\"color: #000000\">\n\t\t\t<span>Industria Packaging<\/span>\n\t\t<\/h2>\n\t\t<\/div>[\/vc_column_inner][\/vc_row_inner][\/vc_column][\/vc_row][vc_row full_width=&#8221;stretch_row_content&#8221; css=&#8221;.vc_custom_1715777559845{padding-top: 150px !important;padding-bottom: 150px !important;background-image: url(https:\/\/www.avcsteam.es\/wp-content\/uploads\/2024\/05\/medical-vials-production-line-pharmaceutical-factory-pharmaceutical-machine-working.jpg?id=8851) !important;background-position: center !important;background-repeat: no-repeat !important;background-size: cover !important;}&#8221;][vc_column][\/vc_column][\/vc_row][vc_row full_width=&#8221;stretch_row_content&#8221; el_class=&#8221;section&#8211;border&#8221;][vc_column][vc_row_inner css=&#8221;.vc_custom_1709721024333{margin-right: 15px !important;margin-left: 15px !important;}&#8221;][vc_column_inner el_class=&#8221;case-left-col&#8221; width=&#8221;1\/2&#8243;][vc_column_text el_class=&#8221;content__text&#8211;title&#8221;]<\/p>\n<h3 style=\"font-size: 40px;\">Abast del projecte<\/h3>\n<p>[\/vc_column_text][\/vc_column_inner][vc_column_inner width=&#8221;1\/2&#8243;]<div class=\"edgtf-counter-wc-holder  edgtf-ch-columns-2 edgtf-ch-normal-space\"><div class=\"edgtf-ch-inner\"><div class=\"edgtf-counter-holder edgtf-counter-title-bellow\" >\n\t<div class=\"edgtf-counter-inner\">\n\t\t\t\t\t\t\t<span class=\"edgtf-counter edgtf-zero-counter\" >67000<\/span>\n\t\t\t\t\t\t\t<h6 class=\"edgtf-counter-title\" >\n\t\t\t\t\u20ac Estalvi energ\u00e8tic anual\t\t\t<\/h6>\n\t\t\t\t\t<\/div>\n<\/div><div class=\"edgtf-counter-holder edgtf-counter-title-bellow\" >\n\t<div class=\"edgtf-counter-inner\">\n\t\t\t\t\t\t\t<span class=\"edgtf-counter edgtf-zero-counter\" >1<\/span>\n\t\t\t\t\t\t\t<h6 class=\"edgtf-counter-title\" >\n\t\t\t\tAny retorn inversi\u00f3\t\t\t<\/h6>\n\t\t\t\t\t<\/div>\n<\/div><div class=\"edgtf-counter-holder edgtf-counter-title-bellow\" >\n\t<div class=\"edgtf-counter-inner\">\n\t\t\t\t\t\t\t<span class=\"edgtf-counter edgtf-zero-counter\" >217 Tn<\/span>\n\t\t\t\t\t\t\t<h6 class=\"edgtf-counter-title\" >\n\t\t\t\tTn reduccions CO2\t\t\t<\/h6>\n\t\t\t\t\t<\/div>\n<\/div><\/div><\/div>[\/vc_column_inner][\/vc_row_inner][\/vc_column][\/vc_row][vc_row full_width=&#8221;stretch_row_content&#8221; el_class=&#8221;section&#8211;border&#8221;][vc_column][vc_row_inner css=&#8221;.vc_custom_1709721030232{margin-right: 15px !important;margin-left: 15px !important;}&#8221;][vc_column_inner el_class=&#8221;case-left-col&#8221; width=&#8221;1\/2&#8243;][vc_column_text el_class=&#8221;content__text&#8211;title&#8221;]<\/p>\n<h3 style=\"font-size: 40px;\">Desafiament<\/h3>\n<p>[\/vc_column_text][\/vc_column_inner][vc_column_inner el_class=&#8221;case-right-col&#8221; width=&#8221;1\/2&#8243;][vc_column_text el_class=&#8221;content__text&#8211;title&#8221;]<strong style=\"font-size: 24px; font-family: 'Clash'; font-weight: 500;\">Millorar les temperatures dels banys d&#8217;aigua calenta.<\/strong>[\/vc_column_text][\/vc_column_inner][\/vc_row_inner][\/vc_column][\/vc_row][vc_row full_width=&#8221;stretch_row_content&#8221; el_class=&#8221;section&#8211;border&#8221;][vc_column][vc_row_inner css=&#8221;.vc_custom_1709721057781{margin-right: 15px !important;margin-left: 15px !important;}&#8221;][vc_column_inner el_class=&#8221;case-left-col&#8221; width=&#8221;1\/2&#8243;][vc_column_text el_class=&#8221;content__text&#8211;title&#8221;]<\/p>\n<h3 style=\"font-size: 40px;\">Soluci\u00f3<\/h3>\n<p>[\/vc_column_text][\/vc_column_inner][vc_column_inner el_class=&#8221;case-right-col&#8221; width=&#8221;1\/2&#8243;][vc_column_text]<\/p>\n<p class=\"p1\">Un fabricant d\u00b4envasos de luxe per a perfumeria i cosm\u00e8tica va contactar amb AVC perqu\u00e8 tenia problemes amb les temperatures dels banys d\u00b4aigua calenta.<\/p>\n<p class=\"p1\">La temperatura dels banys d\u2019aigua calenta, per on passen els envasos fabricats, es controla mitjan\u00e7ant la injecci\u00f3 de vapor saturat a trav\u00e9s d\u2019un serpent\u00ed. Els t\u00e8cnics especialistes d&#8217;AVC no van trigar a observar que purgadors de condensat instal\u00b7lats al final de cada serpent\u00ed no eren els adequats per a l&#8217;aplicaci\u00f3.<\/p>\n<p class=\"p1\">Una selecci\u00f3 incorrecta i dimensionament pot reduir la vida \u00fatil del purgador i \u00e9s molt probable que aquest acabi fallant en posici\u00f3 oberta, permetent el pas lliure de vapor viu, el qual s&#8217;acaba perdent pel venteig del tanc de condensats atmosf\u00e8ric.<\/p>\n<p>[\/vc_column_text][\/vc_column_inner][\/vc_row_inner][\/vc_column][\/vc_row][vc_row full_width=&#8221;stretch_row_content&#8221; el_class=&#8221;section&#8211;border&#8221;][vc_column][vc_row_inner css=&#8221;.vc_custom_1709721063816{margin-right: 15px !important;margin-left: 15px !important;}&#8221;][vc_column_inner el_class=&#8221;case-left-col&#8221; width=&#8221;1\/2&#8243;][vc_column_text el_class=&#8221;content__text&#8211;title&#8221;]<\/p>\n<h3 style=\"font-size: 40px;\">Conclusi\u00f3<\/h3>\n<p>[\/vc_column_text][\/vc_column_inner][vc_column_inner el_class=&#8221;case-right-col&#8221; width=&#8221;1\/2&#8243;][vc_column_text]La soluci\u00f3 proposada per AVC consisteix en un upgrade dels grups de purga per a un total de 58 serpentins, seleccionant i dimensionant els purgadors degudament, un per un, per a cada aplicaci\u00f3.[\/vc_column_text][\/vc_column_inner][\/vc_row_inner][\/vc_column][\/vc_row]<\/p>\n<\/section>","protected":false},"excerpt":{"rendered":"<p>[vc_row full_width=&#8221;stretch_row_content&#8221; content_placement=&#8221;middle&#8221; css=&#8221;.vc_custom_1709742282118{margin-bottom: 60px !important;background-position: center !important;background-repeat: no-repeat !important;background-size: cover !important;}&#8221;][vc_column][vc_row_inner css=&#8221;.vc_custom_1709724702418{margin-left: 20px !important;}&#8221;][vc_column_inner][\/vc_column_inner][\/vc_row_inner][\/vc_column][\/vc_row][vc_row full_width=&#8221;stretch_row_content&#8221; css=&#8221;.vc_custom_1715777559845{padding-top: 150px !important;padding-bottom: 150px !important;background-image: url(https:\/\/www.avcsteam.es\/wp-content\/uploads\/2024\/05\/medical-vials-production-line-pharmaceutical-factory-pharmaceutical-machine-working.jpg?id=8851) !important;background-position: center !important;background-repeat: no-repeat !important;background-size: cover !important;}&#8221;][vc_column][\/vc_column][\/vc_row][vc_row full_width=&#8221;stretch_row_content&#8221; el_class=&#8221;section&#8211;border&#8221;][vc_column][vc_row_inner css=&#8221;.vc_custom_1709721024333{margin-right: 15px !important;margin-left: 15px !important;}&#8221;][vc_column_inner el_class=&#8221;case-left-col&#8221; width=&#8221;1\/2&#8243;][vc_column_text el_class=&#8221;content__text&#8211;title&#8221;] Abast [&hellip;]<\/p>\n","protected":false},"author":1,"featured_media":0,"parent":9029,"menu_order":0,"comment_status":"closed","ping_status":"closed","template":"","meta":{"footnotes":""},"class_list":["post-9040","page","type-page","status-publish","hentry"],"_links":{"self":[{"href":"https:\/\/www.avcsteam.es\/ca\/wp-json\/wp\/v2\/pages\/9040","targetHints":{"allow":["GET"]}}],"collection":[{"href":"https:\/\/www.avcsteam.es\/ca\/wp-json\/wp\/v2\/pages"}],"about":[{"href":"https:\/\/www.avcsteam.es\/ca\/wp-json\/wp\/v2\/types\/page"}],"author":[{"embeddable":true,"href":"https:\/\/www.avcsteam.es\/ca\/wp-json\/wp\/v2\/users\/1"}],"replies":[{"embeddable":true,"href":"https:\/\/www.avcsteam.es\/ca\/wp-json\/wp\/v2\/comments?post=9040"}],"version-history":[{"count":5,"href":"https:\/\/www.avcsteam.es\/ca\/wp-json\/wp\/v2\/pages\/9040\/revisions"}],"predecessor-version":[{"id":9227,"href":"https:\/\/www.avcsteam.es\/ca\/wp-json\/wp\/v2\/pages\/9040\/revisions\/9227"}],"up":[{"embeddable":true,"href":"https:\/\/www.avcsteam.es\/ca\/wp-json\/wp\/v2\/pages\/9029"}],"wp:attachment":[{"href":"https:\/\/www.avcsteam.es\/ca\/wp-json\/wp\/v2\/media?parent=9040"}],"curies":[{"name":"wp","href":"https:\/\/api.w.org\/{rel}","templated":true}]}}