{"id":9037,"date":"2024-03-26T10:22:08","date_gmt":"2024-03-26T09:22:08","guid":{"rendered":"https:\/\/www.avcsteam.es\/casos-dexito\/caso-de-exito-industria-alimentaria"},"modified":"2024-05-30T10:39:30","modified_gmt":"2024-05-30T08:39:30","slug":"industria-alimentaria","status":"publish","type":"page","link":"https:\/\/www.avcsteam.es\/ca\/casos-exit\/industria-alimentaria","title":{"rendered":"Industria Alimentaria"},"content":{"rendered":"<section class=\"wpb-content-wrapper\"><p>[vc_row full_width=&#8221;stretch_row_content&#8221; content_placement=&#8221;middle&#8221; css=&#8221;.vc_custom_1709742282118{margin-bottom: 60px !important;background-position: center !important;background-repeat: no-repeat !important;background-size: cover !important;}&#8221;][vc_column][vc_row_inner css=&#8221;.vc_custom_1709724702418{margin-left: 20px !important;}&#8221;][vc_column_inner]<div class=\"edgtf-section-title-holder\" style=\"text-align: left\">\n\t\t\t<h2 class=\"edgtf-st-title\" style=\"color: #000000\">\n\t\t\t<span>Cas d&#039;\u00e8xit:<\/span>\n\t\t<\/h2>\n\t\t<\/div><div class=\"edgtf-section-title-holder\" style=\"text-align: left\">\n\t\t\t<h2 class=\"edgtf-st-title\" style=\"color: #000000\">\n\t\t\t<span>Industria Alimentaria<\/span>\n\t\t<\/h2>\n\t\t<\/div>[\/vc_column_inner][\/vc_row_inner][\/vc_column][\/vc_row][vc_row full_width=&#8221;stretch_row_content&#8221; css=&#8221;.vc_custom_1715855959032{padding-top: 150px !important;padding-bottom: 150px !important;background-image: url(https:\/\/www.avcsteam.es\/wp-content\/uploads\/2024\/05\/young-woman-working-factory.jpg?id=8915) !important;background-position: center !important;background-repeat: no-repeat !important;background-size: cover !important;}&#8221;][vc_column][\/vc_column][\/vc_row][vc_row full_width=&#8221;stretch_row_content&#8221; el_class=&#8221;section&#8211;border&#8221;][vc_column][vc_row_inner css=&#8221;.vc_custom_1709721024333{margin-right: 15px !important;margin-left: 15px !important;}&#8221;][vc_column_inner el_class=&#8221;case-left-col&#8221; width=&#8221;1\/2&#8243;][vc_column_text el_class=&#8221;content__text&#8211;title&#8221;]<\/p>\n<h3 style=\"font-size: 40px;\">Abast del projecte<\/h3>\n<p>[\/vc_column_text][\/vc_column_inner][vc_column_inner width=&#8221;1\/2&#8243;]<div class=\"edgtf-counter-wc-holder  edgtf-ch-columns-2 edgtf-ch-normal-space\"><div class=\"edgtf-ch-inner\"><div class=\"edgtf-counter-holder edgtf-counter-title-bellow\" >\n\t<div class=\"edgtf-counter-inner\">\n\t\t\t\t\t\t\t<span class=\"edgtf-counter edgtf-zero-counter\" >82000<\/span>\n\t\t\t\t\t\t\t<h6 class=\"edgtf-counter-title\" >\n\t\t\t\t\u20ac Estalvi energ\u00e8tic anual\t\t\t<\/h6>\n\t\t\t\t\t<\/div>\n<\/div><div class=\"edgtf-counter-holder edgtf-counter-title-bellow\" >\n\t<div class=\"edgtf-counter-inner\">\n\t\t\t\t\t\t\t<span class=\"edgtf-counter edgtf-zero-counter\" >7 meses<\/span>\n\t\t\t\t\t\t\t<h6 class=\"edgtf-counter-title\" >\n\t\t\t\tMesos retorn inversi\u00f3\t\t\t<\/h6>\n\t\t\t\t\t<\/div>\n<\/div><div class=\"edgtf-counter-holder edgtf-counter-title-bellow\" >\n\t<div class=\"edgtf-counter-inner\">\n\t\t\t\t\t\t\t<span class=\"edgtf-counter edgtf-zero-counter\" >112<\/span>\n\t\t\t\t\t\t\t<h6 class=\"edgtf-counter-title\" >\n\t\t\t\tTn reduccions CO2\t\t\t<\/h6>\n\t\t\t\t\t<\/div>\n<\/div><\/div><\/div>[\/vc_column_inner][\/vc_row_inner][\/vc_column][\/vc_row][vc_row full_width=&#8221;stretch_row_content&#8221; el_class=&#8221;section&#8211;border&#8221;][vc_column][vc_row_inner css=&#8221;.vc_custom_1709721030232{margin-right: 15px !important;margin-left: 15px !important;}&#8221;][vc_column_inner el_class=&#8221;case-left-col&#8221; width=&#8221;1\/2&#8243;][vc_column_text el_class=&#8221;content__text&#8211;title&#8221;]<\/p>\n<h3 style=\"font-size: 40px;\">Desafiament<\/h3>\n<p>[\/vc_column_text][\/vc_column_inner][vc_column_inner el_class=&#8221;case-right-col&#8221; width=&#8221;1\/2&#8243;][vc_column_text el_class=&#8221;content__text&#8211;title&#8221;]<strong style=\"font-size: 24px; font-family: 'Clash'; font-weight: 500;\">Reduir el consum energ\u00e8tic i millorar el rendiment global de la planta .<\/strong>[\/vc_column_text][\/vc_column_inner][\/vc_row_inner][\/vc_column][\/vc_row][vc_row full_width=&#8221;stretch_row_content&#8221; el_class=&#8221;section&#8211;border&#8221;][vc_column][vc_row_inner css=&#8221;.vc_custom_1709721057781{margin-right: 15px !important;margin-left: 15px !important;}&#8221;][vc_column_inner el_class=&#8221;case-left-col&#8221; width=&#8221;1\/2&#8243;][vc_column_text el_class=&#8221;content__text&#8211;title&#8221;]<\/p>\n<h3 style=\"font-size: 40px;\">Soluci\u00f3<\/h3>\n<p>[\/vc_column_text][\/vc_column_inner][vc_column_inner el_class=&#8221;case-right-col&#8221; width=&#8221;1\/2&#8243;][vc_column_text]<span style=\"font-weight: 400;\">Durant l&#8217;auditoria realitzada per l&#8217;equip t\u00e8cnic d&#8217;AVC es van observar tres punts de millora:<\/span><\/p>\n<ul>\n<li style=\"font-weight: 400;\" aria-level=\"1\"><span style=\"font-weight: 400;\">La temperatura de l\u2019aigua d\u2019alimentaci\u00f3 als generadors de vapor era de 20\u00baC<\/span><\/li>\n<li style=\"font-weight: 400;\" aria-level=\"1\"><span style=\"font-weight: 400;\">Nom\u00e9s es recuperaven el 20% de les purgues de condensat<\/span><\/li>\n<li style=\"font-weight: 400;\" aria-level=\"1\"><span style=\"font-weight: 400;\">Manca d&#8217;a\u00efllament t\u00e8rmic en v\u00e0lvules i equips en l\u00ednies de vapor<\/span><\/li>\n<\/ul>\n<p><span style=\"font-weight: 400;\">Despr\u00e9s de la presentaci\u00f3 de l&#8217;informe de l&#8217;auditoria, on es detallaven els resultats de l&#8217;estudi i les propostes de millora, l&#8217;equip d&#8217;AVC va realitzar el projecte clau en m\u00e0 dissenyant, fabricant, instal\u00b7lant i engegant:<\/span><\/p>\n<ul>\n<li style=\"font-weight: 400;\" aria-level=\"1\"><span style=\"font-weight: 400;\">Equips per a la recuperaci\u00f3 de calor residual<\/span><\/li>\n<li style=\"font-weight: 400;\" aria-level=\"1\"><span style=\"font-weight: 400;\">Grups de purga en l\u00ednies de distribuci\u00f3 i retorn dels mateixos al tanc d&#8217;alimentaci\u00f3<\/span><\/li>\n<li style=\"font-weight: 400;\" aria-level=\"1\"><span style=\"font-weight: 400;\">A\u00efllament t\u00e8rmic a mida<\/span><\/li>\n<\/ul>\n<p>[\/vc_column_text][\/vc_column_inner][\/vc_row_inner][\/vc_column][\/vc_row][vc_row full_width=&#8221;stretch_row_content&#8221; el_class=&#8221;section&#8211;border&#8221;][vc_column][vc_row_inner css=&#8221;.vc_custom_1709721063816{margin-right: 15px !important;margin-left: 15px !important;}&#8221;][vc_column_inner el_class=&#8221;case-left-col&#8221; width=&#8221;1\/2&#8243;][vc_column_text el_class=&#8221;content__text&#8211;title&#8221;]<\/p>\n<h3 style=\"font-size: 40px;\">Conclusi\u00f3<\/h3>\n<p>[\/vc_column_text][\/vc_column_inner][vc_column_inner el_class=&#8221;case-right-col&#8221; width=&#8221;1\/2&#8243;][vc_column_text]amb una amortitzaci\u00f3 del projecte de menys de 7 mesos i una reducci\u00f3 de les emissions de CO2 de 112 Tn.<span style=\"font-weight: 400;\"><\/span>[\/vc_column_text][\/vc_column_inner][\/vc_row_inner][\/vc_column][\/vc_row]<\/p>\n<\/section>","protected":false},"excerpt":{"rendered":"<p>[vc_row full_width=&#8221;stretch_row_content&#8221; content_placement=&#8221;middle&#8221; css=&#8221;.vc_custom_1709742282118{margin-bottom: 60px !important;background-position: center !important;background-repeat: no-repeat !important;background-size: cover !important;}&#8221;][vc_column][vc_row_inner css=&#8221;.vc_custom_1709724702418{margin-left: 20px !important;}&#8221;][vc_column_inner][\/vc_column_inner][\/vc_row_inner][\/vc_column][\/vc_row][vc_row full_width=&#8221;stretch_row_content&#8221; css=&#8221;.vc_custom_1715855959032{padding-top: 150px !important;padding-bottom: 150px !important;background-image: url(https:\/\/www.avcsteam.es\/wp-content\/uploads\/2024\/05\/young-woman-working-factory.jpg?id=8915) !important;background-position: center !important;background-repeat: no-repeat !important;background-size: cover !important;}&#8221;][vc_column][\/vc_column][\/vc_row][vc_row full_width=&#8221;stretch_row_content&#8221; el_class=&#8221;section&#8211;border&#8221;][vc_column][vc_row_inner css=&#8221;.vc_custom_1709721024333{margin-right: 15px !important;margin-left: 15px !important;}&#8221;][vc_column_inner el_class=&#8221;case-left-col&#8221; width=&#8221;1\/2&#8243;][vc_column_text el_class=&#8221;content__text&#8211;title&#8221;] Abast [&hellip;]<\/p>\n","protected":false},"author":1,"featured_media":0,"parent":9029,"menu_order":0,"comment_status":"closed","ping_status":"closed","template":"","meta":{"footnotes":""},"class_list":["post-9037","page","type-page","status-publish","hentry"],"_links":{"self":[{"href":"https:\/\/www.avcsteam.es\/ca\/wp-json\/wp\/v2\/pages\/9037","targetHints":{"allow":["GET"]}}],"collection":[{"href":"https:\/\/www.avcsteam.es\/ca\/wp-json\/wp\/v2\/pages"}],"about":[{"href":"https:\/\/www.avcsteam.es\/ca\/wp-json\/wp\/v2\/types\/page"}],"author":[{"embeddable":true,"href":"https:\/\/www.avcsteam.es\/ca\/wp-json\/wp\/v2\/users\/1"}],"replies":[{"embeddable":true,"href":"https:\/\/www.avcsteam.es\/ca\/wp-json\/wp\/v2\/comments?post=9037"}],"version-history":[{"count":4,"href":"https:\/\/www.avcsteam.es\/ca\/wp-json\/wp\/v2\/pages\/9037\/revisions"}],"predecessor-version":[{"id":9198,"href":"https:\/\/www.avcsteam.es\/ca\/wp-json\/wp\/v2\/pages\/9037\/revisions\/9198"}],"up":[{"embeddable":true,"href":"https:\/\/www.avcsteam.es\/ca\/wp-json\/wp\/v2\/pages\/9029"}],"wp:attachment":[{"href":"https:\/\/www.avcsteam.es\/ca\/wp-json\/wp\/v2\/media?parent=9037"}],"curies":[{"name":"wp","href":"https:\/\/api.w.org\/{rel}","templated":true}]}}