{"id":9023,"date":"2024-04-03T18:03:48","date_gmt":"2024-04-03T16:03:48","guid":{"rendered":"https:\/\/www.avcsteam.es\/sectors"},"modified":"2024-05-29T13:48:24","modified_gmt":"2024-05-29T11:48:24","slug":"sectors","status":"publish","type":"page","link":"https:\/\/www.avcsteam.es\/ca\/sectors","title":{"rendered":"Sectors"},"content":{"rendered":"<section class=\"wpb-content-wrapper\"><p>[vc_row full_width=&#8221;stretch_row_content&#8221; content_placement=&#8221;middle&#8221; css=&#8221;.vc_custom_1712575516474{margin-bottom: 30px !important;background-position: center !important;background-repeat: no-repeat !important;background-size: cover !important;}&#8221;][vc_column][vc_row_inner css=&#8221;.vc_custom_1712652431085{padding-left: 15px !important;}&#8221;][vc_column_inner css=&#8221;.vc_custom_1712652393986{padding-left: 15px !important;}&#8221;][vc_column_text css_animation=&#8221;fadeIn&#8221; el_class=&#8221;content__text&#8211;title&#8221;]<\/p>\n<h2 style=\"text-align: left;\">Distints sectors,<br \/>\ndiferents solucions<\/h2>\n<p>[\/vc_column_text][\/vc_column_inner][\/vc_row_inner][\/vc_column][\/vc_row][vc_row full_width=&#8221;stretch_row_content&#8221; disable_element=&#8221;yes&#8221; el_class=&#8221;section&#8211;border&#8221;][vc_column][vc_row_inner css=&#8221;.vc_custom_1709548583648{margin-right: 15px !important;margin-left: 15px !important;border-top-width: 1px !important;border-top-color: #e8e8e8 !important;border-top-style: solid !important;}&#8221;][vc_column_inner width=&#8221;1\/2&#8243; css=&#8221;.vc_custom_1712228521053{padding-left: 0px !important;}&#8221;][vc_raw_html el_class=&#8221;tag__label&#8221;]PHNwYW4+VmlzacOzPC9zcGFuPg==[\/vc_raw_html][\/vc_column_inner][vc_column_inner width=&#8221;1\/2&#8243; css=&#8221;.vc_custom_1709549991552{border-left-width: 1px !important;border-left-color: #e8e8e8 !important;border-left-style: solid !important;}&#8221;][vc_column_text css=&#8221;.vc_custom_1712240179452{padding-top: 0px !important;}&#8221;]<\/p>\n<h3>Diagnostiquem, integrem i solucionem<\/h3>\n<p>[\/vc_column_text][vc_column_text css=&#8221;.vc_custom_1712236751723{margin-bottom: 30px !important;}&#8221;]<\/p>\n<h4>Proposem una visi\u00f3 360 \u00ba de tot el loop de vapor i condensat industrial<\/h4>\n<p>[\/vc_column_text][vc_column_text css=&#8221;.vc_custom_1712236704157{padding-top: 0px !important;}&#8221;]<span style=\"font-weight: 400;\">Som un equip d&#8217;enginyers especialitzats i amb experi\u00e8ncia, amb la missi\u00f3 d&#8217;aconsellar, assessorar i ajudar les empreses a aconseguir el m\u00e0xim rendiment a les instal\u00b7lacions de vapor. Perqu\u00e8 estem conven\u00e7uts que l&#8217;important no \u00e9s nom\u00e9s saber qu\u00e8 passa, sin\u00f3 oferir el millor diagn\u00f2stic i proposar solucions integrals.<\/span><\/p>\n<p><span style=\"font-weight: 400;\">Som un equip d&#8217;enginyers especialitzats i amb experi\u00e8ncia, amb la missi\u00f3 d&#8217;aconsellar, assessorar i ajudar les empreses a aconseguir el m\u00e0xim rendiment a les instal\u00b7lacions de vapor, garantint sempre el m\u00e0xim estalvi energ\u00e8tic amb la m\u00ednima inversi\u00f3 possible.<\/span><\/p>\n<p><span style=\"font-weight: 400;\">A AVC STEAM garantim els millors resultats a cada projecte, partint d&#8217;un assessorament t\u00e8cnic totalment independent, sense vinculaci\u00f3 a cap marca comercial.<\/span>[\/vc_column_text][\/vc_column_inner][\/vc_row_inner][\/vc_column][\/vc_row][vc_row full_width=&#8221;stretch_row_content&#8221; el_class=&#8221;.section&#8211;border&#8221;][vc_column][vc_row_inner el_class=&#8221;row-cards&#8221; css=&#8221;.vc_custom_1709623964151{margin-top: 60px !important;}&#8221;][vc_column_inner el_class=&#8221;card-white cs-card&#8221; width=&#8221;1\/3&#8243;][vc_column_text]<\/p>\n<h4><a href=\"https:\/\/www.avcsteam.es\/sectores\/petroquimica\">Petroqu\u00edmica<\/a><\/h4>\n<p>[\/vc_column_text][vc_single_image image=&#8221;8156&#8243; img_size=&#8221;full&#8221; onclick=&#8221;custom_link&#8221;][vc_raw_html]W2h0bWxfYmxvY2sgc2x1Zz0iZmxlY2hhIl0=[\/vc_raw_html][\/vc_column_inner][vc_column_inner el_class=&#8221;card-white cs-card&#8221; width=&#8221;1\/3&#8243;][vc_column_text]<\/p>\n<h4><a href=\"https:\/\/www.avcsteam.es\/sectores\/quimica\">Qu\u00edmica<\/a><\/h4>\n<p>[\/vc_column_text][vc_single_image image=&#8221;8451&#8243; img_size=&#8221;full&#8221;][vc_raw_html]W2h0bWxfYmxvY2sgc2x1Zz0iZmxlY2hhIl0=[\/vc_raw_html][\/vc_column_inner][vc_column_inner el_class=&#8221;card-white cs-card&#8221; width=&#8221;1\/3&#8243;][vc_column_text]<\/p>\n<h4><a href=\"https:\/\/www.avcsteam.es\/sectores\/pharma\">Pharma<\/a><\/h4>\n<p>[\/vc_column_text][vc_single_image image=&#8221;8154&#8243; img_size=&#8221;full&#8221;][vc_raw_html]W2h0bWxfYmxvY2sgc2x1Zz0iZmxlY2hhIl0=[\/vc_raw_html][\/vc_column_inner][\/vc_row_inner][vc_row_inner el_class=&#8221;row-cards&#8221;][vc_column_inner el_class=&#8221;card-white cs-card&#8221; width=&#8221;1\/3&#8243;][vc_column_text]<\/p>\n<h4><a href=\"https:\/\/www.avcsteam.es\/sectores\/agroalimentaria\">Agroaliment\u00e0ria<\/a><\/h4>\n<p>[\/vc_column_text][vc_single_image image=&#8221;8449&#8243; img_size=&#8221;full&#8221; onclick=&#8221;custom_link&#8221;][vc_raw_html]W2h0bWxfYmxvY2sgc2x1Zz0iZmxlY2hhIl0=[\/vc_raw_html][\/vc_column_inner][vc_column_inner el_class=&#8221;card-white cs-card&#8221; width=&#8221;1\/3&#8243;][vc_column_text]<\/p>\n<h4><a href=\"https:\/\/www.avcsteam.es\/sectores\/automocion\">Automoci\u00f3<\/a><\/h4>\n<p>[\/vc_column_text][vc_single_image image=&#8221;8452&#8243; img_size=&#8221;full&#8221;][vc_raw_html]W2h0bWxfYmxvY2sgc2x1Zz0iZmxlY2hhIl0=[\/vc_raw_html][\/vc_column_inner][vc_column_inner el_class=&#8221;card-white cs-card&#8221; width=&#8221;1\/3&#8243;][vc_column_text]<\/p>\n<h4><a href=\"https:\/\/www.avcsteam.es\/sectores\/food-beverage\">Food &amp; Beverage<\/a><\/h4>\n<p>[\/vc_column_text][vc_single_image image=&#8221;8159&#8243; img_size=&#8221;full&#8221;][vc_raw_html]W2h0bWxfYmxvY2sgc2x1Zz0iZmxlY2hhIl0=[\/vc_raw_html][\/vc_column_inner][\/vc_row_inner][vc_row_inner el_class=&#8221;row-cards&#8221;][vc_column_inner el_class=&#8221;card-white cs-card&#8221; width=&#8221;1\/3&#8243;][vc_column_text]<\/p>\n<h4><a href=\"https:\/\/www.avcsteam.es\/sectores\/pulp-paper\">Pulp &amp; Paper<\/a><\/h4>\n<p>[\/vc_column_text][vc_single_image image=&#8221;8488&#8243; img_size=&#8221;full&#8221;][vc_raw_html]W2h0bWxfYmxvY2sgc2x1Zz0iZmxlY2hhIl0=[\/vc_raw_html][\/vc_column_inner][vc_column_inner el_class=&#8221;card-transparent-empty&#8221; width=&#8221;1\/3&#8243;][\/vc_column_inner][vc_column_inner el_class=&#8221;card-transparent-empty&#8221; width=&#8221;1\/3&#8243;][\/vc_column_inner][\/vc_row_inner][\/vc_column][\/vc_row]<\/p>\n<\/section>","protected":false},"excerpt":{"rendered":"<p>[vc_row full_width=&#8221;stretch_row_content&#8221; content_placement=&#8221;middle&#8221; css=&#8221;.vc_custom_1712575516474{margin-bottom: 30px !important;background-position: center !important;background-repeat: no-repeat !important;background-size: cover !important;}&#8221;][vc_column][vc_row_inner css=&#8221;.vc_custom_1712652431085{padding-left: 15px !important;}&#8221;][vc_column_inner css=&#8221;.vc_custom_1712652393986{padding-left: 15px !important;}&#8221;][vc_column_text css_animation=&#8221;fadeIn&#8221; el_class=&#8221;content__text&#8211;title&#8221;] Distints sectors, diferents solucions [\/vc_column_text][\/vc_column_inner][\/vc_row_inner][\/vc_column][\/vc_row][vc_row full_width=&#8221;stretch_row_content&#8221; disable_element=&#8221;yes&#8221; el_class=&#8221;section&#8211;border&#8221;][vc_column][vc_row_inner css=&#8221;.vc_custom_1709548583648{margin-right: 15px !important;margin-left: 15px !important;border-top-width: 1px !important;border-top-color: #e8e8e8 !important;border-top-style: solid !important;}&#8221;][vc_column_inner width=&#8221;1\/2&#8243; [&hellip;]<\/p>\n","protected":false},"author":1,"featured_media":0,"parent":0,"menu_order":0,"comment_status":"closed","ping_status":"closed","template":"","meta":{"footnotes":""},"class_list":["post-9023","page","type-page","status-publish","hentry"],"_links":{"self":[{"href":"https:\/\/www.avcsteam.es\/ca\/wp-json\/wp\/v2\/pages\/9023","targetHints":{"allow":["GET"]}}],"collection":[{"href":"https:\/\/www.avcsteam.es\/ca\/wp-json\/wp\/v2\/pages"}],"about":[{"href":"https:\/\/www.avcsteam.es\/ca\/wp-json\/wp\/v2\/types\/page"}],"author":[{"embeddable":true,"href":"https:\/\/www.avcsteam.es\/ca\/wp-json\/wp\/v2\/users\/1"}],"replies":[{"embeddable":true,"href":"https:\/\/www.avcsteam.es\/ca\/wp-json\/wp\/v2\/comments?post=9023"}],"version-history":[{"count":2,"href":"https:\/\/www.avcsteam.es\/ca\/wp-json\/wp\/v2\/pages\/9023\/revisions"}],"predecessor-version":[{"id":9025,"href":"https:\/\/www.avcsteam.es\/ca\/wp-json\/wp\/v2\/pages\/9023\/revisions\/9025"}],"wp:attachment":[{"href":"https:\/\/www.avcsteam.es\/ca\/wp-json\/wp\/v2\/media?parent=9023"}],"curies":[{"name":"wp","href":"https:\/\/api.w.org\/{rel}","templated":true}]}}