{"id":9017,"date":"2024-02-29T13:14:23","date_gmt":"2024-02-29T12:14:23","guid":{"rendered":"https:\/\/www.avcsteam.es\/inici"},"modified":"2024-07-24T12:40:01","modified_gmt":"2024-07-24T10:40:01","slug":"inici","status":"publish","type":"page","link":"https:\/\/www.avcsteam.es\/ca","title":{"rendered":"Inici"},"content":{"rendered":"<section class=\"wpb-content-wrapper\"><p>[vc_row full_width=&#8221;stretch_row_content&#8221; el_class=&#8221;hero&#8221; css=&#8221;.vc_custom_1713189582897{margin-top: -100px !important;padding-top: 0px !important;background-color: #ffffff !important;}&#8221;][vc_column][vc_raw_html]PGRpdiBjbGFzcz0iaG9tZS1oZXJvIj4KICAgPHZpZGVvIG11dGVkPSIiIGxvb3A9IiIgcGxheXNpbmxpbmU9IiIgYXV0b3BsYXk9IiI+CiAgICAgIDxzb3VyY2Ugc3JjPSIvd3AtY29udGVudC91cGxvYWRzL2hlcm8tYmctMDJfMi5tcDQiIHR5cGU9InZpZGVvL21wNCI+CiAgIDwvc291cmNlPjwvdmlkZW8+CiAgIDxkaXYgY2xhc3M9ImVkZ3RmLXNlY3Rpb24tdGl0bGUtaG9sZGVyIiBzdHlsZT0idGV4dC1hbGlnbjogbGVmdDttYXJnaW4tdG9wOiAxMDBweDsgbWFyZ2luLWxlZnQ6IDE1cHg7Ij4KICAgICAgPGgyIGNsYXNzPSJlZGd0Zi1zdC10aXRsZSIgc3R5bGU9ImNvbG9yOiAjZmZmZmZmIj4KICAgICAgICAgPHNwYW4+U3RlYW0gRW5naW5lZXJpbmcgZm9yIGEgc3VzdGFpbmFibGUgZnV0dXJlPC9zcGFuPgogICAgICA8L2gyPgogICA8L2Rpdj4KICAgPGRpdiBjbGFzcz0idmNfcm93IHdwYl9yb3cgdmNfcm93LWZsdWlkIGNvbnRhY3QtbW9kdWxlIHZjX3Jvdy1oYXMtZmlsbCBjb250YWN0LW1vZHVsZSI+CiAgICAgIDxkaXYgY2xhc3M9ImNvbnRhY3QtbW9kdWxlLWJvZHkiPgogICAgICAgICA8cD48c3BhbiBjbGFzcz0iIiBzdHlsZT0iZm9udC13ZWlnaHQ6IDQwMDsgYmFja2dyb3VuZC1jb2xvcjogIzFjMzU2ODsgY29sb3I6ICNmZmY7IGZvbnQtc2l6ZTogMjFweDsgcGFkZGluZzogMTBweCAxNXB4IDEwcHggMTVweDsgYm9yZGVyLXJhZGl1czogNXB4OyI+U29sdWNpb25zIGdsb2JhbHMgcGVyIHRyZXVyZSBlbCBtw6B4aW0gcHJvZml0IGEgbGVzIHNldmVzIGluc3RhbMK3bGFjaW9ucyBkZSB2YXBvcjwvc3Bhbj48L3A+CiAgICAgIDwvZGl2PgogICAgICA8ZGl2IGNsYXNzPSJjb250YWN0LW1vZHVsZS1idXR0b24iPgogICAgICAgICA8YSBpdGVtcHJvcD0idXJsIiBocmVmPSJodHRwczovL2F2Y3N0ZWFtLmZsYW5kZWNvY28ubmV0L3NlcnZpY2lvcyIgdGFyZ2V0PSJfc2VsZiIgY2xhc3M9ImVkZ3RmLWJ0biBlZGd0Zi1idG4tbWVkaXVtIGVkZ3RmLWJ0bi1zb2xpZCBlZGd0Zi1idG4taWNvbiI+CiAgICAgICAgIDxzcGFuIGNsYXNzPSJlZGd0Zi1idG4tdGV4dCI+VkVVUkUgU0VSVkVJUzwvc3Bhbj4KICAgICAgICAgPGkgY2xhc3M9ImVkZ3RmLWljb24tZm9udC1hd2Vzb21lIGZhIGZhLWNpcmNsZSAiPjwvaT4KICAgICAgICAgPC9hPgogICAgICA8L2Rpdj4KICAgPC9kaXY+CjwvZGl2Pg==[\/vc_raw_html][\/vc_column][\/vc_row][vc_row full_width=&#8221;stretch_row_content&#8221; el_class=&#8221;section&#8211;border&#8221;][vc_column][vc_row_inner][vc_column_inner width=&#8221;1\/4&#8243;][vc_raw_html el_class=&#8221;tag__label&#8221;]PGEgaHJlZj0iIyI+PHNwYW4+U2VydmVpczwvc3Bhbj48L2E+[\/vc_raw_html][\/vc_column_inner][vc_column_inner width=&#8221;1\/2&#8243;][vc_column_text el_class=&#8221;content__text&#8211;title&#8221;]<\/p>\n<h2 style=\"text-align: center;\">Aconsellem, assessorem i ajudem<\/h2>\n<p>[\/vc_column_text][\/vc_column_inner][\/vc_row_inner][vc_row_inner el_class=&#8221;row-cards&#8221; css=&#8221;.vc_custom_1715850868690{margin-top: 60px !important;}&#8221;][vc_column_inner el_class=&#8221;card-transparent cs-card&#8221; width=&#8221;1\/3&#8243;][vc_column_text]<\/p>\n<h4><a href=\"https:\/\/www.avcsteam.es\/servicios\/engineering\">Engineering<\/a><\/h4>\n<p>[\/vc_column_text][vc_column_text el_class=&#8221;services-excerpt&#8221;]<\/p>\n<p class=\"p1\"><span style=\"font-weight: 300;\">Dissenyem solucions per a reduir el consum energ\u00e8tic i millorar l&#8217;efici\u00e8ncia operativa.<\/span><br \/>\n<span style=\"color: #fff;\">.<\/span><\/p>\n<p>[\/vc_column_text][vc_raw_html el_class=&#8221;float-right&#8221;]W2h0bWxfYmxvY2sgc2x1Zz0iZmxlY2hhIl0=[\/vc_raw_html][\/vc_column_inner][vc_column_inner el_class=&#8221;card-transparent cs-card&#8221; width=&#8221;1\/3&#8243;][vc_column_text]<\/p>\n<h4><a href=\"https:\/\/www.avcsteam.es\/servicios\/data\">Data<\/a><\/h4>\n<p>[\/vc_column_text][vc_column_text el_class=&#8221;services-excerpt&#8221;]<\/p>\n<p class=\"p1\"><span style=\"font-weight: 300;\">Gesti\u00f3 integral de dades i monitoratge.<\/span><\/p>\n<p>[\/vc_column_text][vc_raw_html el_class=&#8221;float-right&#8221;]W2h0bWxfYmxvY2sgc2x1Zz0iZmxlY2hhIl0=[\/vc_raw_html][\/vc_column_inner][vc_column_inner el_class=&#8221;card-transparent cs-card&#8221; width=&#8221;1\/3&#8243;][vc_column_text]<\/p>\n<h4><a href=\"https:\/\/www.avcsteam.es\/servicios\/sat\">SAT<\/a><\/h4>\n<p>[\/vc_column_text][vc_column_text el_class=&#8221;services-excerpt&#8221;]<span style=\"font-weight: 300;\">Manteniment i servei t\u00e8cnic per a garantir una operativa sense interrupci\u00f3 i segura<\/span>[\/vc_column_text][vc_raw_html el_class=&#8221;float-right&#8221;]W2h0bWxfYmxvY2sgc2x1Zz0iZmxlY2hhIl0=[\/vc_raw_html][\/vc_column_inner][\/vc_row_inner][vc_row_inner el_class=&#8221;row-cards&#8221;][vc_column_inner el_class=&#8221;card-transparent cs-card&#8221; width=&#8221;1\/3&#8243;][vc_column_text]<\/p>\n<h4><a href=\"https:\/\/www.avcsteam.es\/servicios\/consulting\">Consulting<\/a><\/h4>\n<p>[\/vc_column_text][vc_column_text el_class=&#8221;services-excerpt&#8221;]<\/p>\n<p class=\"p1\">Donem suport als nostres clients sobre els \u00faltims aven\u00e7os en vapor.<br \/>\n<span style=\"color: #fff;\">.<\/span><\/p>\n<p>[\/vc_column_text][vc_raw_html el_class=&#8221;float-right&#8221;]W2h0bWxfYmxvY2sgc2x1Zz0iZmxlY2hhIl0=[\/vc_raw_html][\/vc_column_inner][vc_column_inner el_class=&#8221;card-transparent cs-card&#8221; width=&#8221;1\/3&#8243;][vc_column_text]<\/p>\n<h4><a href=\"https:\/\/www.avcsteam.es\/servicios\/tecnologia\">Tecnologia<\/a><\/h4>\n<p>[\/vc_column_text][vc_column_text el_class=&#8221;services-excerpt&#8221;]<\/p>\n<p class=\"p1\">Orientats a la Ind\u00fastria 4.0 i als sistemes de protecci\u00f3.<br \/>\n<span style=\"color: #fff;\">.<\/span><\/p>\n<p>[\/vc_column_text][vc_raw_html el_class=&#8221;float-right&#8221;]W2h0bWxfYmxvY2sgc2x1Zz0iZmxlY2hhIl0=[\/vc_raw_html][\/vc_column_inner][vc_column_inner el_class=&#8221;card-transparent-empty&#8221; width=&#8221;1\/3&#8243;][\/vc_column_inner][\/vc_row_inner][\/vc_column][\/vc_row][vc_row full_width=&#8221;stretch_row_content&#8221; el_class=&#8221;section&#8211;border sectores&#8221; css=&#8221;.vc_custom_1712749118362{background-color: #f5f7fa !important;}&#8221;][vc_column][vc_row_inner][vc_column_inner width=&#8221;1\/4&#8243;][vc_raw_html el_class=&#8221;tag__label&#8221;]PGEgaHJlZj0iIyI+PHNwYW4+U2VjdG9yczwvc3Bhbj48L2E+[\/vc_raw_html][\/vc_column_inner][vc_column_inner width=&#8221;1\/2&#8243;][vc_column_text css_animation=&#8221;fadeIn&#8221; el_class=&#8221;content__text&#8211;title&#8221;]<\/p>\n<h2 style=\"text-align: center;\">Diferents sectors, diferents solucions<\/h2>\n<p>[\/vc_column_text][\/vc_column_inner][\/vc_row_inner][vc_row_inner el_class=&#8221;row-cards&#8221; css=&#8221;.vc_custom_1709623964151{margin-top: 60px !important;}&#8221;][vc_column_inner el_class=&#8221;card-white cs-card&#8221; width=&#8221;1\/3&#8243;][vc_column_text]<\/p>\n<h4><a href=\"https:\/\/www.avcsteam.es\/sectores\/petroquimica\">Petroqu\u00edmica<\/a><\/h4>\n<p>[\/vc_column_text][vc_single_image image=&#8221;8156&#8243; img_size=&#8221;full&#8221; onclick=&#8221;custom_link&#8221;][vc_raw_html]W2h0bWxfYmxvY2sgc2x1Zz0iZmxlY2hhIl0=[\/vc_raw_html][\/vc_column_inner][vc_column_inner el_class=&#8221;card-white cs-card&#8221; width=&#8221;1\/3&#8243;][vc_column_text]<\/p>\n<h4><a href=\"https:\/\/www.avcsteam.es\/sectores\/quimica\">Qu\u00edmica<\/a><\/h4>\n<p>[\/vc_column_text][vc_single_image image=&#8221;8451&#8243; img_size=&#8221;full&#8221;][vc_raw_html]W2h0bWxfYmxvY2sgc2x1Zz0iZmxlY2hhIl0=[\/vc_raw_html][\/vc_column_inner][vc_column_inner el_class=&#8221;card-white cs-card&#8221; width=&#8221;1\/3&#8243;][vc_column_text]<\/p>\n<h4><a href=\"https:\/\/www.avcsteam.es\/sectores\/pharma\">Pharma<\/a><\/h4>\n<p>[\/vc_column_text][vc_single_image image=&#8221;8154&#8243; img_size=&#8221;full&#8221;][vc_raw_html]W2h0bWxfYmxvY2sgc2x1Zz0iZmxlY2hhIl0=[\/vc_raw_html][\/vc_column_inner][\/vc_row_inner][vc_row_inner el_class=&#8221;row-cards&#8221;][vc_column_inner el_class=&#8221;card-white cs-card&#8221; width=&#8221;1\/3&#8243;][vc_column_text]<\/p>\n<h4><a href=\"https:\/\/www.avcsteam.es\/sectores\/agroalimentaria\">Agroaliment\u00e0ria<\/a><\/h4>\n<p>[\/vc_column_text][vc_single_image image=&#8221;8449&#8243; img_size=&#8221;full&#8221; onclick=&#8221;custom_link&#8221;][vc_raw_html]W2h0bWxfYmxvY2sgc2x1Zz0iZmxlY2hhIl0=[\/vc_raw_html][\/vc_column_inner][vc_column_inner el_class=&#8221;card-white cs-card&#8221; width=&#8221;1\/3&#8243;][vc_column_text]<\/p>\n<h4><a href=\"https:\/\/www.avcsteam.es\/sectores\/automocion\">Automoci\u00f3<\/a><\/h4>\n<p>[\/vc_column_text][vc_single_image image=&#8221;8452&#8243; img_size=&#8221;full&#8221;][vc_raw_html]W2h0bWxfYmxvY2sgc2x1Zz0iZmxlY2hhIl0=[\/vc_raw_html][\/vc_column_inner][vc_column_inner el_class=&#8221;card-white cs-card&#8221; width=&#8221;1\/3&#8243;][vc_column_text]<\/p>\n<h4><a href=\"https:\/\/www.avcsteam.es\/sectores\/food-beverage\">Food &amp; Beverage<\/a><\/h4>\n<p>[\/vc_column_text][vc_single_image image=&#8221;8159&#8243; img_size=&#8221;full&#8221;][vc_raw_html]W2h0bWxfYmxvY2sgc2x1Zz0iZmxlY2hhIl0=[\/vc_raw_html][\/vc_column_inner][\/vc_row_inner][vc_row_inner el_class=&#8221;row-cards&#8221;][vc_column_inner el_class=&#8221;card-white cs-card&#8221; width=&#8221;1\/3&#8243;][vc_column_text]<\/p>\n<h4><a href=\"https:\/\/www.avcsteam.es\/sectores\/pulp-paper\">Pulp &amp; Paper<\/a><\/h4>\n<p>[\/vc_column_text][vc_single_image image=&#8221;8488&#8243; img_size=&#8221;full&#8221;][vc_raw_html]W2h0bWxfYmxvY2sgc2x1Zz0iZmxlY2hhIl0=[\/vc_raw_html][\/vc_column_inner][vc_column_inner el_class=&#8221;card-transparent-empty&#8221; width=&#8221;1\/3&#8243;][\/vc_column_inner][vc_column_inner el_class=&#8221;card-transparent-empty&#8221; width=&#8221;1\/3&#8243;][\/vc_column_inner][\/vc_row_inner][\/vc_column][\/vc_row][vc_row full_width=&#8221;stretch_row_content&#8221; el_class=&#8221;section&#8211;border&#8221;][vc_column][vc_row_inner css=&#8221;.vc_custom_1709548583648{margin-right: 15px !important;margin-left: 15px !important;border-top-width: 1px !important;border-top-color: #e8e8e8 !important;border-top-style: solid !important;}&#8221;][vc_column_inner width=&#8221;1\/2&#8243; css=&#8221;.vc_custom_1712228521053{padding-left: 0px !important;}&#8221;][vc_raw_html el_class=&#8221;tag__label&#8221;]PGEgaHJlZj0iIyI+PHNwYW4+Tm9zYWx0cmVzPC9zcGFuPjwvYT4=[\/vc_raw_html][\/vc_column_inner][vc_column_inner el_class=&#8221;mobile-right-column&#8221; width=&#8221;1\/2&#8243; css=&#8221;.vc_custom_1712654880920{border-left-width: 1px !important;border-left-color: #e8e8e8 !important;border-left-style: solid !important;}&#8221;][vc_column_text css=&#8221;.vc_custom_1712750841938{margin-bottom: 20px !important;padding-top: 0px !important;}&#8221;]<\/p>\n<h2 style=\"text-align: left;\">Un equip de professionals<\/h2>\n<p>[\/vc_column_text][vc_column_text css=&#8221;.vc_custom_1712756156240{margin-bottom: 20px !important;padding-top: 0px !important;}&#8221;]<span style=\"font-weight: 400;\">Som un equip d&#8217;enginyers especialitzats i amb experi\u00e8ncia, amb la missi\u00f3 d&#8217;aconsellar, assessorar i ajudar les empreses a aconseguir el m\u00e0xim rendiment a les instal\u00b7lacions de vapor. Perqu\u00e8 estem conven\u00e7uts que l&#8217;important no \u00e9s nom\u00e9s saber qu\u00e8 passa, sin\u00f3 oferir el millor diagn\u00f2stic i proposar solucions integrals.<\/span>[\/vc_column_text][vc_raw_html]JTNDYSUyMGhyZWYlM0QlMjJodHRwcyUzQSUyRiUyRmF2Y3N0ZWFtLmZsYW5kZWNvY28ubmV0JTJGY2ElMkZub3NhbHRyZXMlMjIlMjBjbGFzcyUzRCUyMmJ1dHRvbl9fYXJyb3ctYmlnJTIwYnV0dG9uX19hcnJvdy1iaWctLW9wb2NpdGUlMjB3LWlubGluZS1ibG9jayUyMiUzRSU1Qmh0bWxfYmxvY2slMjBzbHVnJTNEJTIydmV1cmUtbWVzJTIyJTVEJTNDJTJGYSUzRQ==[\/vc_raw_html][\/vc_column_inner][\/vc_row_inner][\/vc_column][\/vc_row][vc_row full_width=&#8221;stretch_row_content&#8221; el_class=&#8221;section&#8211;border&#8221; css=&#8221;.vc_custom_1712742535430{background-color: #f5f7fa !important;}&#8221;][vc_column][vc_row_inner css=&#8221;.vc_custom_1712742598095{margin-bottom: 60px !important;}&#8221;][vc_column_inner width=&#8221;1\/4&#8243;][vc_raw_html el_class=&#8221;tag__label&#8221;]PHNwYW4+Q2xpZW50czwvc3Bhbj4=[\/vc_raw_html][\/vc_column_inner][vc_column_inner width=&#8221;1\/2&#8243;][vc_column_text css_animation=&#8221;fadeIn&#8221; el_class=&#8221;content__text&#8211;title&#8221;]<\/p>\n<h2 style=\"text-align: center;\">Confien en nosaltres<\/h2>\n<p>[\/vc_column_text][\/vc_column_inner][\/vc_row_inner][vc_row_inner css=&#8221;.vc_custom_1709715126070{margin-top: 60px !important;}&#8221;][vc_column_inner][vc_raw_html css=&#8221;.vc_custom_1712273725246{margin-top: 30px !important;}&#8221;]W2h0bWxfYmxvY2sgc2x1Zz0iY2FycnVzZWwtbG9nb3MiXQ==[\/vc_raw_html][\/vc_column_inner][\/vc_row_inner][\/vc_column][\/vc_row][vc_row full_width=&#8221;stretch_row_content&#8221; disable_element=&#8221;yes&#8221; el_class=&#8221;.section&#8211;border&#8221;][vc_column][vc_row_inner css=&#8221;.vc_custom_1712742598095{margin-bottom: 60px !important;}&#8221;][vc_column_inner width=&#8221;1\/4&#8243;][vc_raw_html el_class=&#8221;tag__label&#8221;]PHNwYW4+QmxvZzwvc3Bhbj4=[\/vc_raw_html][\/vc_column_inner][vc_column_inner width=&#8221;1\/2&#8243;][vc_column_text css_animation=&#8221;fadeIn&#8221; el_class=&#8221;content__text&#8211;title&#8221;]<\/p>\n<h2 style=\"text-align: center;\">\u00daltimes entrades<\/h2>\n<p>[\/vc_column_text][\/vc_column_inner][\/vc_row_inner][vc_row_inner][vc_column_inner]<div class=\"edgtf-blog-list-holder edgtf-bl-boxed edgtf-bl-three-columns edgtf-bl-normal-space edgtf-bl-pag-no-pagination\"  data-type=boxed data-number-of-posts=3 data-number-of-columns=3 data-space-between-columns=normal data-order-by=date data-order=DESC data-image-size=full data-title-tag=h4 data-excerpt-length=0 data-post-info-section=no data-post-info-image=yes data-post-info-author=yes data-post-info-date=yes data-post-info-category=yes data-post-info-comments=no data-post-info-like=no data-post-info-share=no data-pagination-type=no-pagination data-max-num-pages=1 data-next-page=2>\n\t<div class=\"edgtf-bl-wrapper\">\n\t\t<ul class=\"edgtf-blog-list\">\n\t\t\t<li class=\"edgtf-bl-item clearfix\">\n\t<div class=\"edgtf-bli-inner\">\n        \n\n        <div class=\"edgtf-bli-content\">\n\t        \n            \n<h4 itemprop=\"name\" class=\"entry-title edgtf-post-title\">\n            <a itemprop=\"url\" href=\"https:\/\/www.avcsteam.es\/ca\/sin-categorizar\/hola-mundo\" title=\"\u00a1Hola, mundo!\">\n            \u00a1Hola, mundo!            <\/a>\n    <\/h4>\n                        <div class=\"edgtf-bli-excerpt\">\n                                <div class=\"edgtf-post-read-more-button\">\n<a itemprop=\"url\" href=\"https:\/\/www.avcsteam.es\/ca\/sin-categorizar\/hola-mundo\" target=\"_self\"  class=\"edgtf-btn edgtf-btn-medium edgtf-btn-simple edgtf-btn-icon edgtf-blog-list-button\"  >    <span class=\"edgtf-btn-text\">Read more<\/span>    <i class=\"edgtf-icon-ion-icon ion-android-arrow-forward \" ><\/i><\/a><\/div>\n            <\/div>\n        <\/div>\n\t<\/div>\n<\/li><li class=\"edgtf-bl-item clearfix\">\n\t<div class=\"edgtf-bli-inner\">\n        \n\t<div class=\"edgtf-post-image\">\n        \t\t    <a itemprop=\"url\" href=\"https:\/\/www.avcsteam.es\/ca\/videos-ca\/fine-art-extends-abilities\" title=\"Fine Art Extends Abilities\">\n                            <img loading=\"lazy\" decoding=\"async\" width=\"630\" height=\"428\" src=\"https:\/\/www.avcsteam.es\/wp-content\/uploads\/2024\/02\/6536c1c9be4cde4941e633d3_3-construction-team.jpg\" class=\"attachment-full size-full wp-post-image\" alt=\"\" srcset=\"https:\/\/www.avcsteam.es\/wp-content\/uploads\/2024\/02\/6536c1c9be4cde4941e633d3_3-construction-team.jpg 630w, https:\/\/www.avcsteam.es\/wp-content\/uploads\/2024\/02\/6536c1c9be4cde4941e633d3_3-construction-team-300x204.jpg 300w\" sizes=\"auto, (max-width: 630px) 100vw, 630px\" \/>                \t\t    <\/a>\n        \t<\/div>\n\n        <div class=\"edgtf-bli-content\">\n\t        \n            \n<h4 itemprop=\"name\" class=\"entry-title edgtf-post-title\">\n            <a itemprop=\"url\" href=\"https:\/\/www.avcsteam.es\/ca\/videos-ca\/fine-art-extends-abilities\" title=\"Fine Art Extends Abilities\">\n            Fine Art Extends Abilities            <\/a>\n    <\/h4>\n                        <div class=\"edgtf-bli-excerpt\">\n                                <div class=\"edgtf-post-read-more-button\">\n<a itemprop=\"url\" href=\"https:\/\/www.avcsteam.es\/ca\/videos-ca\/fine-art-extends-abilities\" target=\"_self\"  class=\"edgtf-btn edgtf-btn-medium edgtf-btn-simple edgtf-btn-icon edgtf-blog-list-button\"  >    <span class=\"edgtf-btn-text\">Read more<\/span>    <i class=\"edgtf-icon-ion-icon ion-android-arrow-forward \" ><\/i><\/a><\/div>\n            <\/div>\n        <\/div>\n\t<\/div>\n<\/li><li class=\"edgtf-bl-item clearfix\">\n\t<div class=\"edgtf-bli-inner\">\n        \n\t<div class=\"edgtf-post-image\">\n        \t\t    <a itemprop=\"url\" href=\"https:\/\/www.avcsteam.es\/ca\/videos-ca\/what-may-someone-know\" title=\"What may someone know\">\n                            <img loading=\"lazy\" decoding=\"async\" width=\"630\" height=\"430\" src=\"https:\/\/www.avcsteam.es\/wp-content\/uploads\/2024\/02\/6536c09148df2d5f28c74c2a_2-wind-turbine.jpg\" class=\"attachment-full size-full wp-post-image\" alt=\"\" srcset=\"https:\/\/www.avcsteam.es\/wp-content\/uploads\/2024\/02\/6536c09148df2d5f28c74c2a_2-wind-turbine.jpg 630w, https:\/\/www.avcsteam.es\/wp-content\/uploads\/2024\/02\/6536c09148df2d5f28c74c2a_2-wind-turbine-300x205.jpg 300w\" sizes=\"auto, (max-width: 630px) 100vw, 630px\" \/>                \t\t    <\/a>\n        \t<\/div>\n\n        <div class=\"edgtf-bli-content\">\n\t        \n            \n<h4 itemprop=\"name\" class=\"entry-title edgtf-post-title\">\n            <a itemprop=\"url\" href=\"https:\/\/www.avcsteam.es\/ca\/videos-ca\/what-may-someone-know\" title=\"What may someone know\">\n            What may someone know            <\/a>\n    <\/h4>\n                        <div class=\"edgtf-bli-excerpt\">\n                                <div class=\"edgtf-post-read-more-button\">\n<a itemprop=\"url\" href=\"https:\/\/www.avcsteam.es\/ca\/videos-ca\/what-may-someone-know\" target=\"_self\"  class=\"edgtf-btn edgtf-btn-medium edgtf-btn-simple edgtf-btn-icon edgtf-blog-list-button\"  >    <span class=\"edgtf-btn-text\">Read more<\/span>    <i class=\"edgtf-icon-ion-icon ion-android-arrow-forward \" ><\/i><\/a><\/div>\n            <\/div>\n        <\/div>\n\t<\/div>\n<\/li>\t\t<\/ul>\n\t<\/div>\n\t<\/div>[\/vc_column_inner][\/vc_row_inner][\/vc_column][\/vc_row]<\/p>\n<\/section>","protected":false},"excerpt":{"rendered":"<p>[vc_row full_width=&#8221;stretch_row_content&#8221; el_class=&#8221;hero&#8221; css=&#8221;.vc_custom_1713189582897{margin-top: -100px !important;padding-top: 0px !important;background-color: #ffffff !important;}&#8221;][vc_column][vc_raw_html]PGRpdiBjbGFzcz0iaG9tZS1oZXJvIj4KICAgPHZpZGVvIG11dGVkPSIiIGxvb3A9IiIgcGxheXNpbmxpbmU9IiIgYXV0b3BsYXk9IiI+CiAgICAgIDxzb3VyY2Ugc3JjPSIvd3AtY29udGVudC91cGxvYWRzL2hlcm8tYmctMDJfMi5tcDQiIHR5cGU9InZpZGVvL21wNCI+CiAgIDwvc291cmNlPjwvdmlkZW8+CiAgIDxkaXYgY2xhc3M9ImVkZ3RmLXNlY3Rpb24tdGl0bGUtaG9sZGVyIiBzdHlsZT0idGV4dC1hbGlnbjogbGVmdDttYXJnaW4tdG9wOiAxMDBweDsgbWFyZ2luLWxlZnQ6IDE1cHg7Ij4KICAgICAgPGgyIGNsYXNzPSJlZGd0Zi1zdC10aXRsZSIgc3R5bGU9ImNvbG9yOiAjZmZmZmZmIj4KICAgICAgICAgPHNwYW4+U3RlYW0gRW5naW5lZXJpbmcgZm9yIGEgc3VzdGFpbmFibGUgZnV0dXJlPC9zcGFuPgogICAgICA8L2gyPgogICA8L2Rpdj4KICAgPGRpdiBjbGFzcz0idmNfcm93IHdwYl9yb3cgdmNfcm93LWZsdWlkIGNvbnRhY3QtbW9kdWxlIHZjX3Jvdy1oYXMtZmlsbCBjb250YWN0LW1vZHVsZSI+CiAgICAgIDxkaXYgY2xhc3M9ImNvbnRhY3QtbW9kdWxlLWJvZHkiPgogICAgICAgICA8cD48c3BhbiBjbGFzcz0iIiBzdHlsZT0iZm9udC13ZWlnaHQ6IDQwMDsgYmFja2dyb3VuZC1jb2xvcjogIzFjMzU2ODsgY29sb3I6ICNmZmY7IGZvbnQtc2l6ZTogMjFweDsgcGFkZGluZzogMTBweCAxNXB4IDEwcHggMTVweDsgYm9yZGVyLXJhZGl1czogNXB4OyI+U29sdWNpb25zIGdsb2JhbHMgcGVyIHRyZXVyZSBlbCBtw6B4aW0gcHJvZml0IGEgbGVzIHNldmVzIGluc3RhbMK3bGFjaW9ucyBkZSB2YXBvcjwvc3Bhbj48L3A+CiAgICAgIDwvZGl2PgogICAgICA8ZGl2IGNsYXNzPSJjb250YWN0LW1vZHVsZS1idXR0b24iPgogICAgICAgICA8YSBpdGVtcHJvcD0idXJsIiBocmVmPSJodHRwczovL2F2Y3N0ZWFtLmZsYW5kZWNvY28ubmV0L3NlcnZpY2lvcyIgdGFyZ2V0PSJfc2VsZiIgY2xhc3M9ImVkZ3RmLWJ0biBlZGd0Zi1idG4tbWVkaXVtIGVkZ3RmLWJ0bi1zb2xpZCBlZGd0Zi1idG4taWNvbiI+CiAgICAgICAgIDxzcGFuIGNsYXNzPSJlZGd0Zi1idG4tdGV4dCI+VkVVUkUgU0VSVkVJUzwvc3Bhbj4KICAgICAgICAgPGkgY2xhc3M9ImVkZ3RmLWljb24tZm9udC1hd2Vzb21lIGZhIGZhLWNpcmNsZSAiPjwvaT4KICAgICAgICAgPC9hPgogICAgICA8L2Rpdj4KICAgPC9kaXY+CjwvZGl2Pg==[\/vc_raw_html][\/vc_column][\/vc_row][vc_row full_width=&#8221;stretch_row_content&#8221; el_class=&#8221;section&#8211;border&#8221;][vc_column][vc_row_inner][vc_column_inner width=&#8221;1\/4&#8243;][vc_raw_html el_class=&#8221;tag__label&#8221;]PGEgaHJlZj0iIyI+PHNwYW4+U2VydmVpczwvc3Bhbj48L2E+[\/vc_raw_html][\/vc_column_inner][vc_column_inner width=&#8221;1\/2&#8243;][vc_column_text el_class=&#8221;content__text&#8211;title&#8221;] Aconsellem, assessorem i ajudem [\/vc_column_text][\/vc_column_inner][\/vc_row_inner][vc_row_inner el_class=&#8221;row-cards&#8221; css=&#8221;.vc_custom_1715850868690{margin-top: 60px !important;}&#8221;][vc_column_inner el_class=&#8221;card-transparent cs-card&#8221; width=&#8221;1\/3&#8243;][vc_column_text] Engineering [\/vc_column_text][vc_column_text el_class=&#8221;services-excerpt&#8221;] Dissenyem solucions per a reduir el consum energ\u00e8tic i [&hellip;]<\/p>\n","protected":false},"author":1,"featured_media":0,"parent":0,"menu_order":0,"comment_status":"closed","ping_status":"closed","template":"full-width.php","meta":{"footnotes":""},"class_list":["post-9017","page","type-page","status-publish","hentry"],"_links":{"self":[{"href":"https:\/\/www.avcsteam.es\/ca\/wp-json\/wp\/v2\/pages\/9017","targetHints":{"allow":["GET"]}}],"collection":[{"href":"https:\/\/www.avcsteam.es\/ca\/wp-json\/wp\/v2\/pages"}],"about":[{"href":"https:\/\/www.avcsteam.es\/ca\/wp-json\/wp\/v2\/types\/page"}],"author":[{"embeddable":true,"href":"https:\/\/www.avcsteam.es\/ca\/wp-json\/wp\/v2\/users\/1"}],"replies":[{"embeddable":true,"href":"https:\/\/www.avcsteam.es\/ca\/wp-json\/wp\/v2\/comments?post=9017"}],"version-history":[{"count":8,"href":"https:\/\/www.avcsteam.es\/ca\/wp-json\/wp\/v2\/pages\/9017\/revisions"}],"predecessor-version":[{"id":9272,"href":"https:\/\/www.avcsteam.es\/ca\/wp-json\/wp\/v2\/pages\/9017\/revisions\/9272"}],"wp:attachment":[{"href":"https:\/\/www.avcsteam.es\/ca\/wp-json\/wp\/v2\/media?parent=9017"}],"curies":[{"name":"wp","href":"https:\/\/api.w.org\/{rel}","templated":true}]}}